{"id":41,"date":"2018-05-28T10:23:11","date_gmt":"2018-05-28T10:23:11","guid":{"rendered":"http:\/\/multipurpose.loc\/hotel\/?page_id=41"},"modified":"2023-11-22T17:08:13","modified_gmt":"2023-11-22T16:08:13","slug":"rooms-list","status":"publish","type":"page","link":"https:\/\/www.apartmanylucia.sk\/index.php\/rooms-list\/","title":{"rendered":"Na\u0161e apartm\u00e1ny"},"content":{"rendered":"<section class=\"wpb-content-wrapper\"><p>[vc_row][vc_column width=&#8220;2\/3&#8243;][vc_column_text]<div class=\"hotelier\">\n    \n<form name=\"hotelier_datepicker\" method=\"post\" id=\"hotelier-datepicker\" class=\"datepicker-form\"\n      action=\"https:\/\/www.apartmanylucia.sk\/index.php\/rooms-list\/\" enctype=\"multipart\/form-data\">\n\n    <span class=\"datepicker-input-select-wrapper\"><input class=\"datepicker-input-select\" type=\"text\"\n                                                         id=\"hotelier-datepicker-select\" value=\"\"><\/span>\n    <input type=\"text\" id=\"hotelier-datepicker-checkin\" class=\"datepicker-input datepicker-input--checkin\"\n           name=\"checkin\" value=\"2026-04-29\">\n    <input type=\"text\" id=\"hotelier-datepicker-checkout\" class=\"datepicker-input datepicker-input--checkout\"\n           name=\"checkout\" value=\"2026-04-30\">\n\n    \n\n    <p class=\"selected-nights\"> Pobyt na 1 noc<\/p>\n\n\n    <button type=\"submit\" class=\"btn btn_solid btn_primary btn_icon-right button button--datepicker\" name=\"hotelier_datepicker_button\" id=\"datepicker-button\" ><i class=\"btn__icon stmicon-keyboard_arrow_right\"><\/i>Skontrolujte ceny<\/button><\/form>\n\n\n    <form name=\"room_list\" method=\"post\" id=\"form--listing\" class=\"form--listing listing\" enctype=\"multipart\/form-data\">\n\n        \n        \n        <div class=\"stm_wp_hotelier_rooms_list_style_1\">\n\t<div class=\"stm-rooms-list\">\n        \n        \n            \n                            <div class=\"room\">\n                <div class=\"inner\">\n                    <div class=\"room__image\">\n                        <a href=\"https:\/\/www.apartmanylucia.sk\/index.php\/rooms\/apartman3\/\">\n\t\t\t\t\t\t\t<img srcset=\"https:\/\/i0.wp.com\/www.apartmanylucia.sk\/wp-content\/uploads\/2023\/11\/Apartman-1-06-740x420.jpg 2x\" class=\"\" src=\"https:\/\/i0.wp.com\/www.apartmanylucia.sk\/wp-content\/uploads\/2023\/11\/Apartman-1-06-370x210.jpg\" width=\"370\" height=\"210\" alt=\"Apartm\u00e1n 1-06\" title=\"Apartm\u00e1n 1-06\" \/>                            <div class=\"room__price mbc heading_font\">\n                                <span><span>Od<\/span> &euro;94.00<\/span>                            <\/div>\n                        <\/a>\n                    <\/div>\n\n                    <div class=\"room__content\">\n                        <div class=\"room__title\">\n                            <h3>\n                                <a class=\"ttc no_deco mtc_h\" href=\"https:\/\/www.apartmanylucia.sk\/index.php\/rooms\/apartman3\/\">\n\t\t\t\t\t\t\t\t\tApartm\u00e1n 1                                <\/a>\n                            <\/h3>\n                        <\/div>\n                        <div class=\"room__excerpt\">\n\t\t\t\t\t\t\tPriestrann\u00fd apartm\u00e1n m\u00e1 2 sp\u00e1lne a 1 k\u00fape\u013e\u0148u so sprchovac\u00edm k\u00fatom a bezplatn\u00fd...                        <\/div>\n\n\t\t\t\t\t\t\n\n<div class=\"room_info\">\n\t\t\t\t\t\t<div class=\"room_info__single\">\n\t\t\t\t<i class=\"mtc stmicon-guest\"><\/i>\n\t\t\t\t<span class=\"ttc heading_font_family\">6<\/span>\n\t\t\t<\/div>\n\t\t\t\t\t\t\t\t<div class=\"room_info__single\">\n\t\t\t\t<i class=\"mtc stmicon-nipple\"><\/i>\n\t\t\t\t<span class=\"ttc heading_font_family\">5<\/span>\n\t\t\t<\/div>\n\t\t\t\t\t\t\t\t<div class=\"room_info__single\">\n\t\t\t\t<i class=\"mtc stmicon-bed2\"><\/i>\n\t\t\t\t<span class=\"ttc heading_font_family\">1+4<\/span>\n\t\t\t<\/div>\n\t\t\t\t\t\t\t\t<div class=\"room_info__single\">\n\t\t\t\t<i class=\"mtc stmicon-ruler\"><\/i>\n\t\t\t\t<span class=\"ttc heading_font_family\">75<\/span>\n\t\t\t<\/div>\n\t\t\t<\/div>\n\n                    <\/div>\n                <\/div>\n            <\/div>\n\t\t\t\n            \n                            <div class=\"room\">\n                <div class=\"inner\">\n                    <div class=\"room__image\">\n                        <a href=\"https:\/\/www.apartmanylucia.sk\/index.php\/rooms\/apartman2\/\">\n\t\t\t\t\t\t\t<img srcset=\"https:\/\/i0.wp.com\/www.apartmanylucia.sk\/wp-content\/uploads\/2023\/11\/Aparman-2-03-scaled-740x420.jpg 2x\" class=\"\" src=\"https:\/\/i0.wp.com\/www.apartmanylucia.sk\/wp-content\/uploads\/2023\/11\/Aparman-2-03-scaled-370x210.jpg\" width=\"370\" height=\"210\" alt=\"Aparm\u00e1n 2-03\" title=\"Aparm\u00e1n 2-03\" \/>                            <div class=\"room__price mbc heading_font\">\n                                <span><span>Od<\/span> &euro;58.00<\/span>                            <\/div>\n                        <\/a>\n                    <\/div>\n\n                    <div class=\"room__content\">\n                        <div class=\"room__title\">\n                            <h3>\n                                <a class=\"ttc no_deco mtc_h\" href=\"https:\/\/www.apartmanylucia.sk\/index.php\/rooms\/apartman2\/\">\n\t\t\t\t\t\t\t\t\tApartm\u00e1n 2                                <\/a>\n                            <\/h3>\n                        <\/div>\n                        <div class=\"room__excerpt\">\n\t\t\t\t\t\t\tPriestrann\u00fd apartm\u00e1n m\u00e1 2 sp\u00e1lne a 1 k\u00fape\u013e\u0148u so sprchovac\u00edm k\u00fatom a bezplatn\u00fd...                        <\/div>\n\n\t\t\t\t\t\t\n\n<div class=\"room_info\">\n\t\t\t\t\t\t<div class=\"room_info__single\">\n\t\t\t\t<i class=\"mtc stmicon-guest\"><\/i>\n\t\t\t\t<span class=\"ttc heading_font_family\">4<\/span>\n\t\t\t<\/div>\n\t\t\t\t\t\t\t\t<div class=\"room_info__single\">\n\t\t\t\t<i class=\"mtc stmicon-nipple\"><\/i>\n\t\t\t\t<span class=\"ttc heading_font_family\">2<\/span>\n\t\t\t<\/div>\n\t\t\t\t\t\t\t\t<div class=\"room_info__single\">\n\t\t\t\t<i class=\"mtc stmicon-bed2\"><\/i>\n\t\t\t\t<span class=\"ttc heading_font_family\">1+2<\/span>\n\t\t\t<\/div>\n\t\t\t\t\t\t\t\t<div class=\"room_info__single\">\n\t\t\t\t<i class=\"mtc stmicon-ruler\"><\/i>\n\t\t\t\t<span class=\"ttc heading_font_family\">58<\/span>\n\t\t\t<\/div>\n\t\t\t<\/div>\n\n                    <\/div>\n                <\/div>\n            <\/div>\n\t\t\t\n            \n                            <div class=\"room\">\n                <div class=\"inner\">\n                    <div class=\"room__image\">\n                        <a href=\"https:\/\/www.apartmanylucia.sk\/index.php\/rooms\/apartman1\/\">\n\t\t\t\t\t\t\t<img srcset=\"https:\/\/i0.wp.com\/www.apartmanylucia.sk\/wp-content\/uploads\/2023\/11\/Aparman-2-04-scaled-740x420.jpg 2x\" class=\"\" src=\"https:\/\/i0.wp.com\/www.apartmanylucia.sk\/wp-content\/uploads\/2023\/11\/Aparman-2-04-scaled-370x210.jpg\" width=\"370\" height=\"210\" alt=\"Aparm\u00e1n 2-04\" title=\"Aparm\u00e1n 2-04\" \/>                            <div class=\"room__price mbc heading_font\">\n                                <span><span>Od<\/span> &euro;58.00<\/span>                            <\/div>\n                        <\/a>\n                    <\/div>\n\n                    <div class=\"room__content\">\n                        <div class=\"room__title\">\n                            <h3>\n                                <a class=\"ttc no_deco mtc_h\" href=\"https:\/\/www.apartmanylucia.sk\/index.php\/rooms\/apartman1\/\">\n\t\t\t\t\t\t\t\t\tApartm\u00e1n 3                                <\/a>\n                            <\/h3>\n                        <\/div>\n                        <div class=\"room__excerpt\">\n\t\t\t\t\t\t\tPriestrann\u00fd apartm\u00e1n m\u00e1 2 sp\u00e1lne a 1 k\u00fape\u013e\u0148u so sprchovac\u00edm k\u00fatom a bezplatn\u00fd...                        <\/div>\n\n\t\t\t\t\t\t\n\n<div class=\"room_info\">\n\t\t\t\t\t\t<div class=\"room_info__single\">\n\t\t\t\t<i class=\"mtc stmicon-guest\"><\/i>\n\t\t\t\t<span class=\"ttc heading_font_family\">4<\/span>\n\t\t\t<\/div>\n\t\t\t\t\t\t\t\t<div class=\"room_info__single\">\n\t\t\t\t<i class=\"mtc stmicon-nipple\"><\/i>\n\t\t\t\t<span class=\"ttc heading_font_family\">3<\/span>\n\t\t\t<\/div>\n\t\t\t\t\t\t\t\t<div class=\"room_info__single\">\n\t\t\t\t<i class=\"mtc stmicon-bed2\"><\/i>\n\t\t\t\t<span class=\"ttc heading_font_family\">1+2<\/span>\n\t\t\t<\/div>\n\t\t\t\t\t\t\t\t<div class=\"room_info__single\">\n\t\t\t\t<i class=\"mtc stmicon-ruler\"><\/i>\n\t\t\t\t<span class=\"ttc heading_font_family\">58<\/span>\n\t\t\t<\/div>\n\t\t\t<\/div>\n\n                    <\/div>\n                <\/div>\n            <\/div>\n\t\t\t\n            \n                            <div class=\"room\">\n                <div class=\"inner\">\n                    <div class=\"room__image\">\n                        <a href=\"https:\/\/www.apartmanylucia.sk\/index.php\/rooms\/apartman4\/\">\n\t\t\t\t\t\t\t<img srcset=\"https:\/\/i0.wp.com\/www.apartmanylucia.sk\/wp-content\/uploads\/2023\/11\/Apartman-4-01-scaled-740x420.jpg 2x\" class=\"\" src=\"https:\/\/i0.wp.com\/www.apartmanylucia.sk\/wp-content\/uploads\/2023\/11\/Apartman-4-01-scaled-370x210.jpg\" width=\"370\" height=\"210\" alt=\"Apartm\u00e1n 4-01\" title=\"Apartm\u00e1n 4-01\" \/>                            <div class=\"room__price mbc heading_font\">\n                                <span><span>Od<\/span> &euro;58.00<\/span>                            <\/div>\n                        <\/a>\n                    <\/div>\n\n                    <div class=\"room__content\">\n                        <div class=\"room__title\">\n                            <h3>\n                                <a class=\"ttc no_deco mtc_h\" href=\"https:\/\/www.apartmanylucia.sk\/index.php\/rooms\/apartman4\/\">\n\t\t\t\t\t\t\t\t\tApartm\u00e1n 4                                <\/a>\n                            <\/h3>\n                        <\/div>\n                        <div class=\"room__excerpt\">\n\t\t\t\t\t\t\tPriestrann\u00fd apartm\u00e1n m\u00e1 2 sp\u00e1lne a 1 k\u00fape\u013e\u0148u so sprchovac\u00edm k\u00fatom a bezplatn\u00fd...                        <\/div>\n\n\t\t\t\t\t\t\n\n<div class=\"room_info\">\n\t\t\t\t\t\t<div class=\"room_info__single\">\n\t\t\t\t<i class=\"mtc stmicon-guest\"><\/i>\n\t\t\t\t<span class=\"ttc heading_font_family\">4<\/span>\n\t\t\t<\/div>\n\t\t\t\t\t\t\t\t<div class=\"room_info__single\">\n\t\t\t\t<i class=\"mtc stmicon-nipple\"><\/i>\n\t\t\t\t<span class=\"ttc heading_font_family\">3<\/span>\n\t\t\t<\/div>\n\t\t\t\t\t\t\t\t<div class=\"room_info__single\">\n\t\t\t\t<i class=\"mtc stmicon-bed2\"><\/i>\n\t\t\t\t<span class=\"ttc heading_font_family\">1+2<\/span>\n\t\t\t<\/div>\n\t\t\t\t\t\t\t\t<div class=\"room_info__single\">\n\t\t\t\t<i class=\"mtc stmicon-ruler\"><\/i>\n\t\t\t\t<span class=\"ttc heading_font_family\">63<\/span>\n\t\t\t<\/div>\n\t\t\t<\/div>\n\n                    <\/div>\n                <\/div>\n            <\/div>\n\t\t\t\n            \n        \n            <\/div>\n<\/div>\n        \n        \n        \n    <\/form>\n\n\n<\/div>[\/vc_column_text][\/vc_column][vc_column width=&#8220;1\/3&#8243; shadow_x_offset=&#8220;0&#8243; shadow_y_offset=&#8220;0&#8243; shadow_blur=&#8220;0&#8243; shadow_spread=&#8220;0&#8243; shadow_color=&#8220;&#8220; el_class=&#8220;sm_pr_15 sm_pl_15&#8243; css=&#8220;.vc_custom_1530685780065{padding-right: 30px !important;}&#8220;][stm_sidebar sidebar=&#8220;381&#8243;][\/vc_column][\/vc_row]<\/p>\n<\/section>","protected":false},"excerpt":{"rendered":"<p>[vc_row][vc_column width=&#8220;2\/3&#8243;][vc_column_text][\/vc_column_text][\/vc_column][vc_column width=&#8220;1\/3&#8243; shadow_x_offset=&#8220;0&#8243; shadow_y_offset=&#8220;0&#8243; shadow_blur=&#8220;0&#8243; shadow_spread=&#8220;0&#8243; shadow_color=&#8220;&#8220; el_class=&#8220;sm_pr_15 sm_pl_15&#8243; css=&#8220;.vc_custom_1530685780065{padding-right: 30px !important;}&#8220;][stm_sidebar sidebar=&#8220;381&#8243;][\/vc_column][\/vc_row]<\/p>\n","protected":false},"author":1,"featured_media":0,"parent":0,"menu_order":0,"comment_status":"closed","ping_status":"closed","template":"","meta":{"jetpack_post_was_ever_published":false,"footnotes":""},"jetpack_sharing_enabled":true,"jetpack-related-posts":[{"id":168,"url":"https:\/\/www.apartmanylucia.sk\/index.php\/kontakt\/","url_meta":{"origin":41,"position":0},"title":"Kontakt","author":"Rusnak","date":"5. j\u00fana 2018","format":false,"excerpt":"[vc_section css=\".vc_custom_1537953987339{padding-top: 0px !important;}\"][vc_row shadow_x_offset=\"0\" shadow_y_offset=\"0\" shadow_blur=\"0\" shadow_spread=\"0\" shadow_color=\"\" css=\".vc_custom_1531906799465{padding-top: 20px !important;}\"][vc_column width=\"1\/2\" shadow_x_offset=\"0\" shadow_y_offset=\"0\" shadow_blur=\"0\" shadow_spread=\"0\" offset=\"vc_col-lg-8 vc_col-md-8 vc_col-xs-12\"][vc_custom_heading text=\"SME TU PRE V\u00c1S\" font_container=\"tag:h4|text_align:left\" use_theme_fonts=\"yes\"][vc_column_text]Ak sa chcete dozvedie\u0165 viac o na\u0161ich ponuk\u00e1ch slu\u017eieb a dostupnosti ubytovania, alebo aby sme V\u00e1s priamo kontaktovali, vypl\u0148te ni\u017e\u0161ie uveden\u00fd formul\u00e1r alebo odo\u0161lite e-mail.[\/vc_column_text][\/vc_column][vc_column\u2026","rel":"","context":"Podobn\u00fd pr\u00edspevok","block_context":{"text":"Podobn\u00fd pr\u00edspevok","link":""},"img":{"alt_text":"","src":"","width":0,"height":0},"classes":[]}],"_links":{"self":[{"href":"https:\/\/www.apartmanylucia.sk\/index.php\/wp-json\/wp\/v2\/pages\/41"}],"collection":[{"href":"https:\/\/www.apartmanylucia.sk\/index.php\/wp-json\/wp\/v2\/pages"}],"about":[{"href":"https:\/\/www.apartmanylucia.sk\/index.php\/wp-json\/wp\/v2\/types\/page"}],"author":[{"embeddable":true,"href":"https:\/\/www.apartmanylucia.sk\/index.php\/wp-json\/wp\/v2\/users\/1"}],"replies":[{"embeddable":true,"href":"https:\/\/www.apartmanylucia.sk\/index.php\/wp-json\/wp\/v2\/comments?post=41"}],"version-history":[{"count":4,"href":"https:\/\/www.apartmanylucia.sk\/index.php\/wp-json\/wp\/v2\/pages\/41\/revisions"}],"predecessor-version":[{"id":1402,"href":"https:\/\/www.apartmanylucia.sk\/index.php\/wp-json\/wp\/v2\/pages\/41\/revisions\/1402"}],"wp:attachment":[{"href":"https:\/\/www.apartmanylucia.sk\/index.php\/wp-json\/wp\/v2\/media?parent=41"}],"curies":[{"name":"wp","href":"https:\/\/api.w.org\/{rel}","templated":true}]}}