{"id":258,"date":"2018-06-05T12:49:55","date_gmt":"2018-06-05T12:49:55","guid":{"rendered":"http:\/\/multipurpose.loc\/hotel\/?page_id=258"},"modified":"2023-11-22T16:29:43","modified_gmt":"2023-11-22T15:29:43","slug":"gallery","status":"publish","type":"page","link":"https:\/\/www.apartmanylucia.sk\/index.php\/gallery\/","title":{"rendered":"Gal\u00e9ria"},"content":{"rendered":"<section class=\"wpb-content-wrapper\"><p>[vc_row][vc_column][stm_images_gallery_with_categories images=&#8220;%5B%7B%22category%22%3A%22Apartm%C3%A1ny%22%2C%22images_array%22%3A%221485%2C1525%2C1524%2C1523%2C1522%2C1521%2C1520%2C1519%2C1518%2C1517%2C1516%2C1515%2C1514%2C1513%2C1512%2C1511%2C1510%2C1509%2C1508%2C1507%2C1506%2C1505%2C1504%2C1503%2C1502%2C1501%2C1500%2C1499%2C1498%2C1497%2C1496%2C1495%2C1494%2C1493%2C1492%2C1491%2C1490%2C1489%2C1488%2C1487%2C1486%22%7D%2C%7B%22category%22%3A%22Exteri%C3%A9r%22%2C%22images_array%22%3A%221530%2C1531%2C1473%2C1472%2C1471%2C1529%2C1536%2C1535%2C1534%2C1533%2C1532%22%7D%5D&#8220; number=&#8220;12&#8243; img_size=&#8220;700&#215;480&#8243; custom_class=&#8220;sm_mgt_0&#8243;][\/vc_column][\/vc_row]<\/p>\n<\/section>","protected":false},"excerpt":{"rendered":"<p>[vc_row][vc_column][stm_images_gallery_with_categories images=&#8220;%5B%7B%22category%22%3A%22Apartm%C3%A1ny%22%2C%22images_array%22%3A%221485%2C1525%2C1524%2C1523%2C1522%2C1521%2C1520%2C1519%2C1518%2C1517%2C1516%2C1515%2C1514%2C1513%2C1512%2C1511%2C1510%2C1509%2C1508%2C1507%2C1506%2C1505%2C1504%2C1503%2C1502%2C1501%2C1500%2C1499%2C1498%2C1497%2C1496%2C1495%2C1494%2C1493%2C1492%2C1491%2C1490%2C1489%2C1488%2C1487%2C1486%22%7D%2C%7B%22category%22%3A%22Exteri%C3%A9r%22%2C%22images_array%22%3A%221530%2C1531%2C1473%2C1472%2C1471%2C1529%2C1536%2C1535%2C1534%2C1533%2C1532%22%7D%5D&#8220; number=&#8220;12&#8243; img_size=&#8220;700&#215;480&#8243; custom_class=&#8220;sm_mgt_0&#8243;][\/vc_column][\/vc_row]<\/p>\n","protected":false},"author":1,"featured_media":0,"parent":0,"menu_order":0,"comment_status":"closed","ping_status":"closed","template":"","meta":{"jetpack_post_was_ever_published":false,"footnotes":""},"jetpack_sharing_enabled":true,"jetpack-related-posts":[{"id":8,"url":"https:\/\/www.apartmanylucia.sk\/","url_meta":{"origin":258,"position":0},"title":"Front page","author":"Rusnak","date":"25. m\u00e1ja 2018","format":false,"excerpt":"[vc_row full_width=\"stretch_row\" shadow_x_offset=\"0\" shadow_y_offset=\"0\" shadow_blur=\"0\" shadow_spread=\"0\" shadow_color=\"\" el_class=\"overlap\"][vc_column shadow_x_offset=\"0\" shadow_y_offset=\"0\" shadow_blur=\"0\" shadow_spread=\"0\" offset=\"vc_col-lg-offset-1 vc_col-lg-10 vc_col-md-offset-1 vc_col-md-10 vc_col-xs-12\"][rev_slider_vc alias=\"home\"][\/vc_column][\/vc_row][vc_section css=\".vc_custom_1538719318483{margin-top: -35px !important;background-image: url(https:\/\/www.apartmanylucia.sk\/wp-content\/uploads\/2018\/10\/pat2.png?id=1308) !important;}\" el_class=\"fixed_bg\"][vc_row full_width=\"stretch_row\" shadow_x_offset=\"0\" shadow_y_offset=\"0\" shadow_blur=\"0\" shadow_spread=\"0\" shadow_color=\"\" el_class=\"overlap\" css=\".vc_custom_1533026956511{margin-right: 0px !important;margin-left: 0px !important;padding-right: 15px !important;padding-left: 15px !important;}\"][vc_column css_animation=\"none\" shadow_x_offset=\"\" shadow_y_offset=\"\" shadow_blur=\"\" shadow_spread=\"\" shadow_color=\"\" offset=\"vc_col-lg-offset-0 vc_col-lg-12 vc_col-md-offset-0 vc_col-md-12\u2026","rel":"","context":"Podobn\u00fd pr\u00edspevok","block_context":{"text":"Podobn\u00fd pr\u00edspevok","link":""},"img":{"alt_text":"","src":"","width":0,"height":0},"classes":[]},{"id":146,"url":"https:\/\/www.apartmanylucia.sk\/index.php\/about\/","url_meta":{"origin":258,"position":1},"title":"O n\u00e1s","author":"Rusnak","date":"4. j\u00fana 2018","format":false,"excerpt":"[vc_row][vc_column][stm_spacer height=\"40\" height_tablet=\"30\" height_mobile=\"20\"][\/vc_column][\/vc_row][vc_row equal_height=\"yes\" content_placement=\"middle\" shadow_x_offset=\"0\" shadow_y_offset=\"0\" shadow_blur=\"0\" shadow_spread=\"0\"][vc_column width=\"1\/3\"][vc_custom_heading text=\"Everything. Right where you need it.\" font_container=\"tag:h2|font_size:40px|text_align:center|line_height:47px\" use_theme_fonts=\"yes\"][\/vc_column][vc_column width=\"2\/3\"][vc_column_text]The first inn located in America was recorded in the year 1607 and lead the way with many other firsts in the hospitality industry. The first publicly held hotel (the City\u2026","rel":"","context":"Podobn\u00fd pr\u00edspevok","block_context":{"text":"Podobn\u00fd pr\u00edspevok","link":""},"img":{"alt_text":"","src":"","width":0,"height":0},"classes":[]}],"_links":{"self":[{"href":"https:\/\/www.apartmanylucia.sk\/index.php\/wp-json\/wp\/v2\/pages\/258"}],"collection":[{"href":"https:\/\/www.apartmanylucia.sk\/index.php\/wp-json\/wp\/v2\/pages"}],"about":[{"href":"https:\/\/www.apartmanylucia.sk\/index.php\/wp-json\/wp\/v2\/types\/page"}],"author":[{"embeddable":true,"href":"https:\/\/www.apartmanylucia.sk\/index.php\/wp-json\/wp\/v2\/users\/1"}],"replies":[{"embeddable":true,"href":"https:\/\/www.apartmanylucia.sk\/index.php\/wp-json\/wp\/v2\/comments?post=258"}],"version-history":[{"count":5,"href":"https:\/\/www.apartmanylucia.sk\/index.php\/wp-json\/wp\/v2\/pages\/258\/revisions"}],"predecessor-version":[{"id":1537,"href":"https:\/\/www.apartmanylucia.sk\/index.php\/wp-json\/wp\/v2\/pages\/258\/revisions\/1537"}],"wp:attachment":[{"href":"https:\/\/www.apartmanylucia.sk\/index.php\/wp-json\/wp\/v2\/media?parent=258"}],"curies":[{"name":"wp","href":"https:\/\/api.w.org\/{rel}","templated":true}]}}